{"id":251,"date":"2024-05-22T11:19:05","date_gmt":"2024-05-22T09:19:05","guid":{"rendered":"https:\/\/danielaobers.de\/?page_id=251"},"modified":"2024-09-27T18:11:49","modified_gmt":"2024-09-27T16:11:49","slug":"kontakt","status":"publish","type":"page","link":"https:\/\/danielaobers.de\/?page_id=251","title":{"rendered":"Kontakt"},"content":{"rendered":"\t\t<div data-elementor-type=\"wp-page\" data-elementor-id=\"251\" class=\"elementor elementor-251\">\n\t\t\t\t<div class=\"elementor-element elementor-element-7bea9dc0 e-flex e-con-boxed e-con e-parent\" data-id=\"7bea9dc0\" data-element_type=\"container\" data-settings=\"{&quot;background_background&quot;:&quot;gradient&quot;,&quot;shape_divider_top&quot;:&quot;mountains&quot;,&quot;shape_divider_bottom&quot;:&quot;mountains&quot;}\">\n\t\t\t\t\t<div class=\"e-con-inner\">\n\t\t\t\t<div class=\"elementor-shape elementor-shape-top\" aria-hidden=\"true\" data-negative=\"false\">\n\t\t\t<svg xmlns=\"http:\/\/www.w3.org\/2000\/svg\" viewBox=\"0 0 1000 100\" preserveAspectRatio=\"none\">\n\t<path class=\"elementor-shape-fill\" opacity=\"0.33\" d=\"M473,67.3c-203.9,88.3-263.1-34-320.3,0C66,119.1,0,59.7,0,59.7V0h1000v59.7 c0,0-62.1,26.1-94.9,29.3c-32.8,3.3-62.8-12.3-75.8-22.1C806,49.6,745.3,8.7,694.9,4.7S492.4,59,473,67.3z\"\/>\n\t<path class=\"elementor-shape-fill\" opacity=\"0.66\" d=\"M734,67.3c-45.5,0-77.2-23.2-129.1-39.1c-28.6-8.7-150.3-10.1-254,39.1 s-91.7-34.4-149.2,0C115.7,118.3,0,39.8,0,39.8V0h1000v36.5c0,0-28.2-18.5-92.1-18.5C810.2,18.1,775.7,67.3,734,67.3z\"\/>\n\t<path class=\"elementor-shape-fill\" d=\"M766.1,28.9c-200-57.5-266,65.5-395.1,19.5C242,1.8,242,5.4,184.8,20.6C128,35.8,132.3,44.9,89.9,52.5C28.6,63.7,0,0,0,0 h1000c0,0-9.9,40.9-83.6,48.1S829.6,47,766.1,28.9z\"\/>\n<\/svg>\t\t<\/div>\n\t\t\t\t<div class=\"elementor-shape elementor-shape-bottom\" aria-hidden=\"true\" data-negative=\"false\">\n\t\t\t<svg xmlns=\"http:\/\/www.w3.org\/2000\/svg\" viewBox=\"0 0 1000 100\" preserveAspectRatio=\"none\">\n\t<path class=\"elementor-shape-fill\" opacity=\"0.33\" d=\"M473,67.3c-203.9,88.3-263.1-34-320.3,0C66,119.1,0,59.7,0,59.7V0h1000v59.7 c0,0-62.1,26.1-94.9,29.3c-32.8,3.3-62.8-12.3-75.8-22.1C806,49.6,745.3,8.7,694.9,4.7S492.4,59,473,67.3z\"\/>\n\t<path class=\"elementor-shape-fill\" opacity=\"0.66\" d=\"M734,67.3c-45.5,0-77.2-23.2-129.1-39.1c-28.6-8.7-150.3-10.1-254,39.1 s-91.7-34.4-149.2,0C115.7,118.3,0,39.8,0,39.8V0h1000v36.5c0,0-28.2-18.5-92.1-18.5C810.2,18.1,775.7,67.3,734,67.3z\"\/>\n\t<path class=\"elementor-shape-fill\" d=\"M766.1,28.9c-200-57.5-266,65.5-395.1,19.5C242,1.8,242,5.4,184.8,20.6C128,35.8,132.3,44.9,89.9,52.5C28.6,63.7,0,0,0,0 h1000c0,0-9.9,40.9-83.6,48.1S829.6,47,766.1,28.9z\"\/>\n<\/svg>\t\t<\/div>\n\t\t<div class=\"elementor-element elementor-element-4f2b59e2 e-con-full e-flex e-con e-child\" data-id=\"4f2b59e2\" data-element_type=\"container\">\n\t\t\t\t<div class=\"elementor-element elementor-element-74fb5e44 e-transform elementor-widget elementor-widget-heading\" data-id=\"74fb5e44\" data-element_type=\"widget\" data-settings=\"{&quot;_transform_rotateZ_effect&quot;:{&quot;unit&quot;:&quot;px&quot;,&quot;size&quot;:&quot;&quot;,&quot;sizes&quot;:[]},&quot;_transform_rotateZ_effect_tablet&quot;:{&quot;unit&quot;:&quot;deg&quot;,&quot;size&quot;:&quot;&quot;,&quot;sizes&quot;:[]},&quot;_transform_rotateZ_effect_mobile&quot;:{&quot;unit&quot;:&quot;deg&quot;,&quot;size&quot;:&quot;&quot;,&quot;sizes&quot;:[]}}\" data-widget_type=\"heading.default\">\n\t\t\t\t<div class=\"elementor-widget-container\">\n\t\t\t\t\t<h2 class=\"elementor-heading-title elementor-size-default\">Kontakt<\/h2>\t\t\t\t<\/div>\n\t\t\t\t<\/div>\n\t\t\t\t<\/div>\n\t\t\t\t\t<\/div>\n\t\t\t\t<\/div>\n\t\t<div class=\"elementor-element elementor-element-546e825 e-flex e-con-boxed e-con e-parent\" data-id=\"546e825\" data-element_type=\"container\">\n\t\t\t\t\t<div class=\"e-con-inner\">\n\t\t<div class=\"elementor-element elementor-element-02ff536 e-flex e-con-boxed e-con e-child\" data-id=\"02ff536\" data-element_type=\"container\">\n\t\t\t\t\t<div class=\"e-con-inner\">\n\t\t\t\t<div class=\"elementor-element elementor-element-732b917 elementor-widget elementor-widget-heading\" data-id=\"732b917\" data-element_type=\"widget\" data-widget_type=\"heading.default\">\n\t\t\t\t<div class=\"elementor-widget-container\">\n\t\t\t\t\t<h2 class=\"elementor-heading-title elementor-size-default\">Du bist interessiert an Coaching oder Workshops?<\/h2>\t\t\t\t<\/div>\n\t\t\t\t<\/div>\n\t\t\t\t<div class=\"elementor-element elementor-element-3b5a2b1 elementor-widget elementor-widget-text-editor\" data-id=\"3b5a2b1\" data-element_type=\"widget\" data-widget_type=\"text-editor.default\">\n\t\t\t\t<div class=\"elementor-widget-container\">\n\t\t\t\t\t\t\t\t\t<p><strong>Dann freue ich mich, von dir zu h\u00f6ren!<\/strong><\/p><p>Mit dem Klick auf den unten stehenden Button gelangst zu zur Terminbuchungsplattform Calendly. Buche dir dort gerne einen Termin. Dieser wird dann online via Zoom stattfinden. Nach deiner Terminbuchung erh\u00e4ltst du alle Info zu unserem Zoom Call.<\/p><p>Kein passender Termin dabei? Dann <a href=\"mailto:mail@danielaobers.de\"><b>schreibe mir gerne eine E-Mail<\/b><\/a> und wir finden auf diesem Weg einen gemeinsamen Termin.<\/p><p>E-Mail: <span style=\"text-decoration: underline;\"><a style=\"text-align: var(--text-align); background-color: var(--theme-palette-color-6); font-size: var(--theme-font-size); font-style: var(--theme-font-style, inherit); font-weight: var(--theme-font-weight); letter-spacing: var(--theme-letter-spacing); text-transform: var(--theme-text-transform);\" href=\"mailto:kontakt@danielaobers.de\" target=\"_blank\" rel=\"noopener\">kontakt@danielaobers.de<\/a><\/span><\/p>\t\t\t\t\t\t\t\t<\/div>\n\t\t\t\t<\/div>\n\t\t\t\t<div class=\"elementor-element elementor-element-2bd0078 elementor-align-center elementor-widget elementor-widget-button\" data-id=\"2bd0078\" data-element_type=\"widget\" data-widget_type=\"button.default\">\n\t\t\t\t<div class=\"elementor-widget-container\">\n\t\t\t\t\t\t\t\t\t<div class=\"elementor-button-wrapper\">\n\t\t\t\t\t<a class=\"elementor-button elementor-button-link elementor-size-sm\" href=\"https:\/\/calendly.com\/danielaobers\" target=\"_blank\">\n\t\t\t\t\t\t<span class=\"elementor-button-content-wrapper\">\n\t\t\t\t\t\t\t\t\t<span class=\"elementor-button-text\">Termin vereinbaren<\/span>\n\t\t\t\t\t<\/span>\n\t\t\t\t\t<\/a>\n\t\t\t\t<\/div>\n\t\t\t\t\t\t\t\t<\/div>\n\t\t\t\t<\/div>\n\t\t\t\t\t<\/div>\n\t\t\t\t<\/div>\n\t\t\t\t\t<\/div>\n\t\t\t\t<\/div>\n\t\t\t\t<\/div>\n\t\t","protected":false},"excerpt":{"rendered":"<p>Kontakt Du bist interessiert an Coaching oder Workshops? Dann freue ich mich, von dir zu h\u00f6ren! Mit dem Klick auf den unten stehenden Button gelangst zu zur Terminbuchungsplattform Calendly. Buche dir dort gerne einen Termin. Dieser wird dann online via Zoom stattfinden. Nach deiner Terminbuchung erh\u00e4ltst du alle Info zu unserem Zoom Call. Kein passender [&hellip;]<\/p>\n","protected":false},"author":1,"featured_media":0,"parent":0,"menu_order":0,"comment_status":"closed","ping_status":"closed","template":"","meta":{"footnotes":""},"class_list":["post-251","page","type-page","status-publish","hentry"],"blocksy_meta":[],"yoast_head":"<!-- This site is optimized with the Yoast SEO plugin v25.2 - https:\/\/yoast.com\/wordpress\/plugins\/seo\/ -->\n<title>Kontakt - Business Coaching f\u00fcr mehr Klarheit, Lebendigkeit und Authentizit\u00e4t<\/title>\n<meta name=\"robots\" content=\"index, follow, max-snippet:-1, max-image-preview:large, max-video-preview:-1\" \/>\n<link rel=\"canonical\" href=\"https:\/\/danielaobers.de\/?page_id=251\" \/>\n<meta property=\"og:locale\" content=\"de_DE\" \/>\n<meta property=\"og:type\" content=\"article\" \/>\n<meta property=\"og:title\" content=\"Kontakt - Business Coaching f\u00fcr mehr Klarheit, Lebendigkeit und Authentizit\u00e4t\" \/>\n<meta property=\"og:description\" content=\"Kontakt Du bist interessiert an Coaching oder Workshops? Dann freue ich mich, von dir zu h\u00f6ren! Mit dem Klick auf den unten stehenden Button gelangst zu zur Terminbuchungsplattform Calendly. Buche dir dort gerne einen Termin. Dieser wird dann online via Zoom stattfinden. Nach deiner Terminbuchung erh\u00e4ltst du alle Info zu unserem Zoom Call. Kein passender [&hellip;]\" \/>\n<meta property=\"og:url\" content=\"https:\/\/danielaobers.de\/?page_id=251\" \/>\n<meta property=\"og:site_name\" content=\"Business Coaching f\u00fcr mehr Klarheit, Lebendigkeit und Authentizit\u00e4t\" \/>\n<meta property=\"article:modified_time\" content=\"2024-09-27T16:11:49+00:00\" \/>\n<meta property=\"og:image\" content=\"https:\/\/danielaobers.de\/wp-content\/uploads\/2024\/06\/Kopie-von-Dunkelgruen-Tuerkis-Fotografisch-Buero-LinkedIn-Hintergrundfoto.jpg\" \/>\n\t<meta property=\"og:image:width\" content=\"1200\" \/>\n\t<meta property=\"og:image:height\" content=\"675\" \/>\n\t<meta property=\"og:image:type\" content=\"image\/jpeg\" \/>\n<meta name=\"twitter:card\" content=\"summary_large_image\" \/>\n<meta name=\"twitter:label1\" content=\"Gesch\u00e4tzte Lesezeit\" \/>\n\t<meta name=\"twitter:data1\" content=\"1\u00a0Minute\" \/>\n<script type=\"application\/ld+json\" class=\"yoast-schema-graph\">{\"@context\":\"https:\/\/schema.org\",\"@graph\":[{\"@type\":\"WebPage\",\"@id\":\"https:\/\/danielaobers.de\/?page_id=251\",\"url\":\"https:\/\/danielaobers.de\/?page_id=251\",\"name\":\"Kontakt - Business Coaching f\u00fcr mehr Klarheit, Lebendigkeit und Authentizit\u00e4t\",\"isPartOf\":{\"@id\":\"https:\/\/danielaobers.de\/#website\"},\"datePublished\":\"2024-05-22T09:19:05+00:00\",\"dateModified\":\"2024-09-27T16:11:49+00:00\",\"breadcrumb\":{\"@id\":\"https:\/\/danielaobers.de\/?page_id=251#breadcrumb\"},\"inLanguage\":\"de\",\"potentialAction\":[{\"@type\":\"ReadAction\",\"target\":[\"https:\/\/danielaobers.de\/?page_id=251\"]}]},{\"@type\":\"BreadcrumbList\",\"@id\":\"https:\/\/danielaobers.de\/?page_id=251#breadcrumb\",\"itemListElement\":[{\"@type\":\"ListItem\",\"position\":1,\"name\":\"Startseite\",\"item\":\"https:\/\/danielaobers.de\/\"},{\"@type\":\"ListItem\",\"position\":2,\"name\":\"Kontakt\"}]},{\"@type\":\"WebSite\",\"@id\":\"https:\/\/danielaobers.de\/#website\",\"url\":\"https:\/\/danielaobers.de\/\",\"name\":\"Business Coaching f\u00fcr mehr Klarheit, Lebendigkeit und Authentizit\u00e4t\",\"description\":\"Systemisches Business Coaching mit Daniela Obers\",\"publisher\":{\"@id\":\"https:\/\/danielaobers.de\/#\/schema\/person\/d12aab27d99f0efb914b76f13f55701d\"},\"alternateName\":\"Im Coaching begleite ich dich dabei, die Karriere aufzubauen, die zu dir passt\",\"potentialAction\":[{\"@type\":\"SearchAction\",\"target\":{\"@type\":\"EntryPoint\",\"urlTemplate\":\"https:\/\/danielaobers.de\/?s={search_term_string}\"},\"query-input\":{\"@type\":\"PropertyValueSpecification\",\"valueRequired\":true,\"valueName\":\"search_term_string\"}}],\"inLanguage\":\"de\"},{\"@type\":[\"Person\",\"Organization\"],\"@id\":\"https:\/\/danielaobers.de\/#\/schema\/person\/d12aab27d99f0efb914b76f13f55701d\",\"name\":\"daniela\",\"image\":{\"@type\":\"ImageObject\",\"inLanguage\":\"de\",\"@id\":\"https:\/\/danielaobers.de\/#\/schema\/person\/image\/\",\"url\":\"https:\/\/danielaobers.de\/wp-content\/uploads\/2024\/03\/LOGO_Coachingzeit2.svg\",\"contentUrl\":\"https:\/\/danielaobers.de\/wp-content\/uploads\/2024\/03\/LOGO_Coachingzeit2.svg\",\"width\":512,\"height\":512,\"caption\":\"daniela\"},\"logo\":{\"@id\":\"https:\/\/danielaobers.de\/#\/schema\/person\/image\/\"},\"sameAs\":[\"https:\/\/danielaobers.de\"]}]}<\/script>\n<!-- \/ Yoast SEO plugin. -->","yoast_head_json":{"title":"Kontakt - Business Coaching f\u00fcr mehr Klarheit, Lebendigkeit und Authentizit\u00e4t","robots":{"index":"index","follow":"follow","max-snippet":"max-snippet:-1","max-image-preview":"max-image-preview:large","max-video-preview":"max-video-preview:-1"},"canonical":"https:\/\/danielaobers.de\/?page_id=251","og_locale":"de_DE","og_type":"article","og_title":"Kontakt - Business Coaching f\u00fcr mehr Klarheit, Lebendigkeit und Authentizit\u00e4t","og_description":"Kontakt Du bist interessiert an Coaching oder Workshops? Dann freue ich mich, von dir zu h\u00f6ren! Mit dem Klick auf den unten stehenden Button gelangst zu zur Terminbuchungsplattform Calendly. Buche dir dort gerne einen Termin. Dieser wird dann online via Zoom stattfinden. Nach deiner Terminbuchung erh\u00e4ltst du alle Info zu unserem Zoom Call. Kein passender [&hellip;]","og_url":"https:\/\/danielaobers.de\/?page_id=251","og_site_name":"Business Coaching f\u00fcr mehr Klarheit, Lebendigkeit und Authentizit\u00e4t","article_modified_time":"2024-09-27T16:11:49+00:00","og_image":[{"width":1200,"height":675,"url":"https:\/\/danielaobers.de\/wp-content\/uploads\/2024\/06\/Kopie-von-Dunkelgruen-Tuerkis-Fotografisch-Buero-LinkedIn-Hintergrundfoto.jpg","type":"image\/jpeg"}],"twitter_card":"summary_large_image","twitter_misc":{"Gesch\u00e4tzte Lesezeit":"1\u00a0Minute"},"schema":{"@context":"https:\/\/schema.org","@graph":[{"@type":"WebPage","@id":"https:\/\/danielaobers.de\/?page_id=251","url":"https:\/\/danielaobers.de\/?page_id=251","name":"Kontakt - Business Coaching f\u00fcr mehr Klarheit, Lebendigkeit und Authentizit\u00e4t","isPartOf":{"@id":"https:\/\/danielaobers.de\/#website"},"datePublished":"2024-05-22T09:19:05+00:00","dateModified":"2024-09-27T16:11:49+00:00","breadcrumb":{"@id":"https:\/\/danielaobers.de\/?page_id=251#breadcrumb"},"inLanguage":"de","potentialAction":[{"@type":"ReadAction","target":["https:\/\/danielaobers.de\/?page_id=251"]}]},{"@type":"BreadcrumbList","@id":"https:\/\/danielaobers.de\/?page_id=251#breadcrumb","itemListElement":[{"@type":"ListItem","position":1,"name":"Startseite","item":"https:\/\/danielaobers.de\/"},{"@type":"ListItem","position":2,"name":"Kontakt"}]},{"@type":"WebSite","@id":"https:\/\/danielaobers.de\/#website","url":"https:\/\/danielaobers.de\/","name":"Business Coaching f\u00fcr mehr Klarheit, Lebendigkeit und Authentizit\u00e4t","description":"Systemisches Business Coaching mit Daniela Obers","publisher":{"@id":"https:\/\/danielaobers.de\/#\/schema\/person\/d12aab27d99f0efb914b76f13f55701d"},"alternateName":"Im Coaching begleite ich dich dabei, die Karriere aufzubauen, die zu dir passt","potentialAction":[{"@type":"SearchAction","target":{"@type":"EntryPoint","urlTemplate":"https:\/\/danielaobers.de\/?s={search_term_string}"},"query-input":{"@type":"PropertyValueSpecification","valueRequired":true,"valueName":"search_term_string"}}],"inLanguage":"de"},{"@type":["Person","Organization"],"@id":"https:\/\/danielaobers.de\/#\/schema\/person\/d12aab27d99f0efb914b76f13f55701d","name":"daniela","image":{"@type":"ImageObject","inLanguage":"de","@id":"https:\/\/danielaobers.de\/#\/schema\/person\/image\/","url":"https:\/\/danielaobers.de\/wp-content\/uploads\/2024\/03\/LOGO_Coachingzeit2.svg","contentUrl":"https:\/\/danielaobers.de\/wp-content\/uploads\/2024\/03\/LOGO_Coachingzeit2.svg","width":512,"height":512,"caption":"daniela"},"logo":{"@id":"https:\/\/danielaobers.de\/#\/schema\/person\/image\/"},"sameAs":["https:\/\/danielaobers.de"]}]}},"_links":{"self":[{"href":"https:\/\/danielaobers.de\/index.php?rest_route=\/wp\/v2\/pages\/251","targetHints":{"allow":["GET"]}}],"collection":[{"href":"https:\/\/danielaobers.de\/index.php?rest_route=\/wp\/v2\/pages"}],"about":[{"href":"https:\/\/danielaobers.de\/index.php?rest_route=\/wp\/v2\/types\/page"}],"author":[{"embeddable":true,"href":"https:\/\/danielaobers.de\/index.php?rest_route=\/wp\/v2\/users\/1"}],"replies":[{"embeddable":true,"href":"https:\/\/danielaobers.de\/index.php?rest_route=%2Fwp%2Fv2%2Fcomments&post=251"}],"version-history":[{"count":39,"href":"https:\/\/danielaobers.de\/index.php?rest_route=\/wp\/v2\/pages\/251\/revisions"}],"predecessor-version":[{"id":660,"href":"https:\/\/danielaobers.de\/index.php?rest_route=\/wp\/v2\/pages\/251\/revisions\/660"}],"wp:attachment":[{"href":"https:\/\/danielaobers.de\/index.php?rest_route=%2Fwp%2Fv2%2Fmedia&parent=251"}],"curies":[{"name":"wp","href":"https:\/\/api.w.org\/{rel}","templated":true}]}}